{"id":938,"date":"2023-03-02T10:33:43","date_gmt":"2023-03-02T16:33:43","guid":{"rendered":"https:\/\/ayb.co.cr\/home\/?page_id=938"},"modified":"2023-03-02T10:46:21","modified_gmt":"2023-03-02T16:46:21","slug":"politica-de-privacidad","status":"publish","type":"page","link":"https:\/\/ayb.co.cr\/home\/politica-de-privacidad\/","title":{"rendered":"Pol\u00edtica de privacidad USP"},"content":{"rendered":"\n[et_pb_section fb_built=\u00bb1&#8243; _builder_version=\u00bb4.20.0&#8243; _module_preset=\u00bbdefault\u00bb background_color=\u00bb#004F97&#8243; width=\u00bb80%\u00bb custom_margin=\u00bb0px||0px||false|false\u00bb custom_padding=\u00bb20px||20px||true|false\u00bb hover_enabled=\u00bb0&#8243; global_colors_info=\u00bb{}\u00bb sticky_enabled=\u00bb0&#8243;][et_pb_row _builder_version=\u00bb4.20.0&#8243; _module_preset=\u00bbdefault\u00bb width=\u00bb60%\u00bb max_width=\u00bb60%\u00bb global_colors_info=\u00bb{}\u00bb][et_pb_column type=\u00bb4_4&#8243; _builder_version=\u00bb4.20.0&#8243; _module_preset=\u00bbdefault\u00bb global_colors_info=\u00bb{}\u00bb][et_pb_text _builder_version=\u00bb4.20.0&#8243; _module_preset=\u00bbdefault\u00bb text_font=\u00bbUbuntu|500|||||||\u00bb text_text_color=\u00bb#FFFFFF\u00bb text_font_size=\u00bb3rem\u00bb global_colors_info=\u00bb{}\u00bb]<p>Pol\u00edtica de privacidad<\/p>[\/et_pb_text][\/et_pb_column][\/et_pb_row][\/et_pb_section][et_pb_section fb_built=\u00bb1&#8243; _builder_version=\u00bb4.20.0&#8243; _module_preset=\u00bbdefault\u00bb custom_padding=\u00bb17px|||||\u00bb global_colors_info=\u00bb{}\u00bb][et_pb_row _builder_version=\u00bb4.20.0&#8243; _module_preset=\u00bbdefault\u00bb width=\u00bb60%\u00bb max_width=\u00bb60%\u00bb global_colors_info=\u00bb{}\u00bb][et_pb_column type=\u00bb4_4&#8243; _builder_version=\u00bb4.20.0&#8243; _module_preset=\u00bbdefault\u00bb global_colors_info=\u00bb{}\u00bb][et_pb_text _builder_version=\u00bb4.20.0&#8243; _module_preset=\u00bbdefault\u00bb text_font=\u00bbOpen Sans||||||||\u00bb text_font_size=\u00bb1rem\u00bb global_colors_info=\u00bb{}\u00bb]<p><span style=\"font-size: large;\">NOTA: Esta pol\u00edtica de privacidad fue actualizada por \u00faltima vez el: 01\/03\/23<\/span><\/p>\n<p><span><span class=\"ui-provider uz b c d e f g h i j k l m n o p q r s t u v w x y z ab ac ae af ag ah ai aj ak\" dir=\"ltr\">Esta pol\u00edtica de privacidad describe c\u00f3mo se recopilan, utilizan y comparten los datos personales que se recopilan a trav\u00e9s de la aplicaci\u00f3n USPM\u00f3vi (en adelante, \u00abla aplicaci\u00f3n\u00bb). La aplicaci\u00f3n es propiedad de la Universiadad Santa Paula en adelante, \u00abnosotros\u00bb o \u00abnuestra empresa\u00bb.<\/span><\/span><\/p>[\/et_pb_text][et_pb_text _builder_version=\u00bb4.20.0&#8243; _module_preset=\u00bbdefault\u00bb text_font=\u00bbOpen Sans||||||||\u00bb text_font_size=\u00bb1rem\u00bb text_line_height=\u00bb3em\u00bb header_2_font=\u00bbUbuntu||||||||\u00bb header_2_font_size=\u00bb2rem\u00bb custom_margin=\u00bb||-20px||false|false\u00bb custom_padding=\u00bb||0px||false|false\u00bb global_colors_info=\u00bb{}\u00bb]<h2>Informaci\u00f3n que recopilamos<\/h2>\n<p>La aplicaci\u00f3n puede recopilar los siguientes tipos de datos personales:<\/p>\n<ul>\n<li><strong>Informaci\u00f3n de contacto:<\/strong> como su nombre, direcci\u00f3n de correo electr\u00f3nico y n\u00famero de tel\u00e9fono.<\/li>\n<li><strong>Informaci\u00f3n de registro:<\/strong> como su nombre de usuario y contrase\u00f1a.<\/li>\n<li><strong>Informaci\u00f3n del dispositivo:<\/strong> como el modelo de su dispositivo m\u00f3vil, la versi\u00f3n del sistema operativo y la direcci\u00f3n IP.<\/li>\n<li><strong>Informaci\u00f3n de uso:<\/strong> como las p\u00e1ginas o funciones que utiliza en la aplicaci\u00f3n y la fecha y hora de acceso.<\/li>\n<li>Tambi\u00e9n podemos recopilar <strong>informaci\u00f3n no personal<\/strong>, como datos estad\u00edsticos sobre el uso de la aplicaci\u00f3n.<\/li>\n<\/ul>\n<p>&nbsp;<\/p>[\/et_pb_text][et_pb_text _builder_version=\u00bb4.20.0&#8243; _module_preset=\u00bbdefault\u00bb text_font=\u00bbOpen Sans||||||||\u00bb text_font_size=\u00bb1rem\u00bb text_line_height=\u00bb3em\u00bb header_2_font=\u00bbUbuntu||||||||\u00bb header_2_font_size=\u00bb2rem\u00bb custom_margin=\u00bb||-20px||false|false\u00bb custom_padding=\u00bb||0px||false|false\u00bb global_colors_info=\u00bb{}\u00bb]<h2>\u00bfC\u00f3mo utilizamos la informaci\u00f3n?<\/h2>\n<p>Utilizamos la informaci\u00f3n que recopilamos para los siguientes fines:<\/p>\n<ul>\n<li><span><span class=\"ui-provider uz b c d e f g h i j k l m n o p q r s t u v w x y z ab ac ae af ag ah ai aj ak\" dir=\"ltr\"><strong>Proporcionar y mejorar nuestros servicios:<\/strong> utilizamos la informaci\u00f3n para proporcionar nuestros servicios y mejorar su calidad.<br \/><\/span><\/span><\/li>\n<li><span><span class=\"ui-provider uz b c d e f g h i j k l m n o p q r s t u v w x y z ab ac ae af ag ah ai aj ak\" dir=\"ltr\"><strong>Comunicarnos con usted:<\/strong> utilizamos la informaci\u00f3n de contacto para enviarle informaci\u00f3n sobre nuestros servicios y responder a sus consultas.<br \/><\/span><\/span><\/li>\n<li><span><span class=\"ui-provider uz b c d e f g h i j k l m n o p q r s t u v w x y z ab ac ae af ag ah ai aj ak\" dir=\"ltr\"><strong>Personalizar su experiencia:<\/strong> utilizamos la informaci\u00f3n de uso para personalizar su experiencia en la aplicaci\u00f3n y presentarle contenido relevante.<br \/><\/span><\/span><\/li>\n<li><span><span class=\"ui-provider uz b c d e f g h i j k l m n o p q r s t u v w x y z ab ac ae af ag ah ai aj ak\" dir=\"ltr\"><strong>Cumplir con nuestras obligaciones legales:<\/strong> podemos utilizar la informaci\u00f3n para cumplir con nuestras obligaciones legales, como responder a solicitudes de informaci\u00f3n de las autoridades gubernamentales.<\/span><\/span><\/li>\n<\/ul>\n<p>&nbsp;<\/p>[\/et_pb_text][et_pb_text _builder_version=\u00bb4.20.0&#8243; _module_preset=\u00bbdefault\u00bb text_font=\u00bbOpen Sans||||||||\u00bb text_font_size=\u00bb1rem\u00bb text_line_height=\u00bb3em\u00bb header_2_font=\u00bbUbuntu||||||||\u00bb header_2_font_size=\u00bb2rem\u00bb custom_margin=\u00bb||-20px||false|false\u00bb custom_padding=\u00bb||0px||false|false\u00bb global_colors_info=\u00bb{}\u00bb]<h2>Compartir la informaci\u00f3n<\/h2>\n<p>Podemos compartir la informaci\u00f3n que recopilamos con los siguientes terceros<\/p>\n<ul>\n<li><span><span class=\"ui-provider uz b c d e f g h i j k l m n o p q r s t u v w x y z ab ac ae af ag ah ai aj ak\" dir=\"ltr\"><strong>Proveedores de servicios:<\/strong> podemos compartir la informaci\u00f3n con proveedores de servicios externos que nos ayudan a proporcionar y mejorar nuestros servicios, como proveedores de alojamiento web y servicios de correo electr\u00f3nico.<br \/><\/span><\/span><\/li>\n<li><span><span class=\"ui-provider uz b c d e f g h i j k l m n o p q r s t u v w x y z ab ac ae af ag ah ai aj ak\" dir=\"ltr\"><strong>Autoridades gubernamentales:<\/strong> podemos divulgar la informaci\u00f3n si se nos solicita para cumplir con las leyes y regulaciones aplicables o si es necesario para proteger nuestros derechos legales.<\/span><\/span><\/li>\n<\/ul>\n<p>&nbsp;<\/p>[\/et_pb_text][et_pb_text _builder_version=\u00bb4.20.0&#8243; _module_preset=\u00bbdefault\u00bb text_font=\u00bbOpen Sans||||||||\u00bb text_font_size=\u00bb1rem\u00bb text_line_height=\u00bb2em\u00bb header_2_font=\u00bbUbuntu||||||||\u00bb header_2_font_size=\u00bb2rem\u00bb custom_margin=\u00bb||30px||false|false\u00bb custom_padding=\u00bb||0px||false|false\u00bb global_colors_info=\u00bb{}\u00bb]<h2>Cookies y tecnolog\u00edas similares<\/h2>\n<p><span><span class=\"ui-provider uz b c d e f g h i j k l m n o p q r s t u v w x y z ab ac ae af ag ah ai aj ak\" dir=\"ltr\">Podemos utilizar cookies y otras tecnolog\u00edas similares para recopilar informaci\u00f3n sobre el uso de la aplicaci\u00f3n y mejorar su funcionamiento.<\/span><\/span><\/p>[\/et_pb_text][et_pb_text _builder_version=\u00bb4.20.0&#8243; _module_preset=\u00bbdefault\u00bb text_font=\u00bbOpen Sans||||||||\u00bb text_font_size=\u00bb1rem\u00bb text_line_height=\u00bb2em\u00bb header_2_font=\u00bbUbuntu||||||||\u00bb header_2_font_size=\u00bb2rem\u00bb custom_margin=\u00bb||30px||false|false\u00bb custom_padding=\u00bb||0px||false|false\u00bb global_colors_info=\u00bb{}\u00bb]<h2>Seguridad de la informaci\u00f3n<\/h2>\n<p><span><span class=\"ui-provider uz b c d e f g h i j k l m n o p q r s t u v w x y z ab ac ae af ag ah ai aj ak\" dir=\"ltr\">Implementamos medidas de seguridad adecuadas para proteger la informaci\u00f3n personal que recopilamos contra el acceso no autorizado, la divulgaci\u00f3n y el uso indebido.<\/span><\/span><\/p>[\/et_pb_text][et_pb_text _builder_version=\u00bb4.20.0&#8243; _module_preset=\u00bbdefault\u00bb text_font=\u00bbOpen Sans||||||||\u00bb text_font_size=\u00bb1rem\u00bb text_line_height=\u00bb2em\u00bb header_2_font=\u00bbUbuntu||||||||\u00bb header_2_font_size=\u00bb2rem\u00bb custom_margin=\u00bb||30px||false|false\u00bb custom_padding=\u00bb||0px||false|false\u00bb global_colors_info=\u00bb{}\u00bb]<h2>Cambios a esta pol\u00edtica de privacidad<\/h2>\n<p><span><span class=\"ui-provider uz b c d e f g h i j k l m n o p q r s t u v w x y z ab ac ae af ag ah ai aj ak\" dir=\"ltr\">Nos reservamos el derecho de actualizar esta pol\u00edtica de privacidad en cualquier momento. La versi\u00f3n actualizada se publicar\u00e1 en la aplicaci\u00f3n. Le recomendamos que revise esta pol\u00edtica de privacidad peri\u00f3dicamente.<\/span><\/span><\/p>[\/et_pb_text][et_pb_text _builder_version=\u00bb4.20.0&#8243; _module_preset=\u00bbdefault\u00bb text_font=\u00bbOpen Sans||||||||\u00bb text_font_size=\u00bb1rem\u00bb text_line_height=\u00bb2em\u00bb header_2_font=\u00bbUbuntu||||||||\u00bb header_2_font_size=\u00bb2rem\u00bb custom_margin=\u00bb||-20px||false|false\u00bb custom_padding=\u00bb||0px||false|false\u00bb global_colors_info=\u00bb{}\u00bb]<h2>\u00bfC\u00f3mo ponerse en contacto con nosotros?<\/h2>\n<p><span><span class=\"ui-provider uz b c d e f g h i j k l m n o p q r s t u v w x y z ab ac ae af ag ah ai aj ak\" dir=\"ltr\">Si tiene alguna pregunta o inquietud sobre esta pol\u00edtica de privacidad, puede ponerse en contacto con nosotros a trav\u00e9s del correo <span style=\"text-decoration: underline; color: #0170cc;\">info@uspsantapaula.com<\/span><\/span><\/span><\/p>[\/et_pb_text][\/et_pb_column][\/et_pb_row][\/et_pb_section]\n","protected":false},"excerpt":{"rendered":"<p>Pol\u00edtica de privacidadNOTA: Esta pol\u00edtica de privacidad fue actualizada por \u00faltima vez el: 01\/03\/23 Esta pol\u00edtica de privacidad describe c\u00f3mo se recopilan, utilizan y comparten los datos personales que se recopilan a trav\u00e9s de la aplicaci\u00f3n USPM\u00f3vi (en adelante, \u00abla aplicaci\u00f3n\u00bb). La aplicaci\u00f3n es propiedad de la Universiadad Santa Paula en adelante, \u00abnosotros\u00bb o \u00abnuestra [&hellip;]<\/p>\n","protected":false},"author":1,"featured_media":0,"parent":0,"menu_order":0,"comment_status":"closed","ping_status":"closed","template":"","meta":{"_acf_changed":false,"_et_pb_use_builder":"on","_et_pb_old_content":"","_et_gb_content_width":"","footnotes":""},"class_list":["post-938","page","type-page","status-publish","hentry"],"acf":[],"_links":{"self":[{"href":"https:\/\/ayb.co.cr\/home\/wp-json\/wp\/v2\/pages\/938","targetHints":{"allow":["GET"]}}],"collection":[{"href":"https:\/\/ayb.co.cr\/home\/wp-json\/wp\/v2\/pages"}],"about":[{"href":"https:\/\/ayb.co.cr\/home\/wp-json\/wp\/v2\/types\/page"}],"author":[{"embeddable":true,"href":"https:\/\/ayb.co.cr\/home\/wp-json\/wp\/v2\/users\/1"}],"replies":[{"embeddable":true,"href":"https:\/\/ayb.co.cr\/home\/wp-json\/wp\/v2\/comments?post=938"}],"version-history":[{"count":7,"href":"https:\/\/ayb.co.cr\/home\/wp-json\/wp\/v2\/pages\/938\/revisions"}],"predecessor-version":[{"id":960,"href":"https:\/\/ayb.co.cr\/home\/wp-json\/wp\/v2\/pages\/938\/revisions\/960"}],"wp:attachment":[{"href":"https:\/\/ayb.co.cr\/home\/wp-json\/wp\/v2\/media?parent=938"}],"curies":[{"name":"wp","href":"https:\/\/api.w.org\/{rel}","templated":true}]}}